{"id":33836,"date":"2024-05-15T23:45:35","date_gmt":"2024-05-15T21:45:35","guid":{"rendered":"https:\/\/defilenfil.com\/?page_id=33836"},"modified":"2025-08-29T11:35:57","modified_gmt":"2025-08-29T09:35:57","slug":"politique-de-confidentialite","status":"publish","type":"page","link":"https:\/\/defilenfil.com\/en\/politique-de-confidentialite\/","title":{"rendered":"Privacy policy"},"content":{"rendered":"<div data-elementor-type=\"wp-page\" data-elementor-id=\"33836\" class=\"elementor elementor-33836\" data-elementor-post-type=\"page\">\n\t\t\t\t<div class=\"elementor-element elementor-element-0ebc926 e-flex e-con-boxed e-con e-parent\" data-id=\"0ebc926\" data-element_type=\"container\" data-e-type=\"container\" data-settings=\"{&quot;background_background&quot;:&quot;classic&quot;}\">\n\t\t\t\t\t<div class=\"e-con-inner\">\n\t\t\t\t<div class=\"elementor-element elementor-element-ee7c71c elementor-widget-mobile__width-inherit elementor-invisible elementor-widget elementor-widget-heading\" data-id=\"ee7c71c\" data-element_type=\"widget\" data-e-type=\"widget\" data-settings=\"{&quot;_animation&quot;:&quot;slideInUp&quot;}\" data-widget_type=\"heading.default\">\n\t\t\t\t\t<h1 class=\"elementor-heading-title elementor-size-default\">Privacy policy<\/h1>\t\t\t\t<\/div>\n\t\t\t\t<div class=\"elementor-element elementor-element-7563804 elementor-invisible elementor-widget elementor-widget-heading\" data-id=\"7563804\" data-element_type=\"widget\" data-e-type=\"widget\" data-settings=\"{&quot;_animation&quot;:&quot;slideInUp&quot;}\" data-widget_type=\"heading.default\">\n\t\t\t\t\t<h2 class=\"elementor-heading-title elementor-size-default\">1. Collection and use of personal data<\/h2>\t\t\t\t<\/div>\n\t\t\t\t<div class=\"elementor-element elementor-element-f391627 elementor-invisible elementor-widget elementor-widget-heading\" data-id=\"f391627\" data-element_type=\"widget\" data-e-type=\"widget\" data-settings=\"{&quot;_animation&quot;:&quot;slideInUp&quot;}\" data-widget_type=\"heading.default\">\n\t\t\t\t\t<p class=\"elementor-heading-title elementor-size-default\">1.1 We collect the personal data that you voluntarily provide to us when you use the site, such as your name and e-mail address.\n<br>\n1.2 We use your personal data to provide you with the services you have requested, to personalise your experience on the site, and to inform you about our products and services.<\/p>\t\t\t\t<\/div>\n\t\t\t\t<div class=\"elementor-element elementor-element-5cbb595 elementor-invisible elementor-widget elementor-widget-heading\" data-id=\"5cbb595\" data-element_type=\"widget\" data-e-type=\"widget\" data-settings=\"{&quot;_animation&quot;:&quot;slideInUp&quot;}\" data-widget_type=\"heading.default\">\n\t\t\t\t\t<h2 class=\"elementor-heading-title elementor-size-default\">2. Cookies<\/h2>\t\t\t\t<\/div>\n\t\t\t\t<div class=\"elementor-element elementor-element-97a7333 elementor-invisible elementor-widget elementor-widget-heading\" data-id=\"97a7333\" data-element_type=\"widget\" data-e-type=\"widget\" data-settings=\"{&quot;_animation&quot;:&quot;slideInUp&quot;}\" data-widget_type=\"heading.default\">\n\t\t\t\t\t<p class=\"elementor-heading-title elementor-size-default\">2.1. We use cookies to improve your experience on the site. By using the site, you consent to the use of cookies in accordance with our Cookie Policy.<\/p>\t\t\t\t<\/div>\n\t\t\t\t<div class=\"elementor-element elementor-element-ee7f408 elementor-invisible elementor-widget elementor-widget-heading\" data-id=\"ee7f408\" data-element_type=\"widget\" data-e-type=\"widget\" data-settings=\"{&quot;_animation&quot;:&quot;slideInUp&quot;}\" data-widget_type=\"heading.default\">\n\t\t\t\t\t<h2 class=\"elementor-heading-title elementor-size-default\">3. Data security<\/h2>\t\t\t\t<\/div>\n\t\t\t\t<div class=\"elementor-element elementor-element-90f6083 elementor-invisible elementor-widget elementor-widget-heading\" data-id=\"90f6083\" data-element_type=\"widget\" data-e-type=\"widget\" data-settings=\"{&quot;_animation&quot;:&quot;slideInUp&quot;}\" data-widget_type=\"heading.default\">\n\t\t\t\t\t<p class=\"elementor-heading-title elementor-size-default\">3.1 We implement appropriate security measures to protect your personal data from unauthorised access or alteration.<\/p>\t\t\t\t<\/div>\n\t\t\t\t<div class=\"elementor-element elementor-element-a91c58e elementor-invisible elementor-widget elementor-widget-heading\" data-id=\"a91c58e\" data-element_type=\"widget\" data-e-type=\"widget\" data-settings=\"{&quot;_animation&quot;:&quot;slideInUp&quot;}\" data-widget_type=\"heading.default\">\n\t\t\t\t\t<h2 class=\"elementor-heading-title elementor-size-default\">4. Disclosure to third parties<\/h2>\t\t\t\t<\/div>\n\t\t\t\t<div class=\"elementor-element elementor-element-68b7bf6 elementor-invisible elementor-widget elementor-widget-heading\" data-id=\"68b7bf6\" data-element_type=\"widget\" data-e-type=\"widget\" data-settings=\"{&quot;_animation&quot;:&quot;slideInUp&quot;}\" data-widget_type=\"heading.default\">\n\t\t\t\t\t<p class=\"elementor-heading-title elementor-size-default\">4.1. We do not sell, trade or transfer your personal data to third parties without your explicit consent, except as necessary to provide the services requested or as required by law.<\/p>\t\t\t\t<\/div>\n\t\t\t\t\t<\/div>\n\t\t\t\t<\/div>\n\t\t\t\t<\/div>","protected":false},"excerpt":{"rendered":"<p>Politique de confidentialit\u00e9 1. Collecte et utilisation des donn\u00e9es personnelles 1.1. Nous collectons les donn\u00e9es personnelles que vous nous fournissez volontairement lors de votre utilisation du site, telles que votre nom et votre adresse e-mail. 1.2. Nous utilisons vos donn\u00e9es personnelles pour vous fournir les services demand\u00e9s, pour personnaliser votre exp\u00e9rience sur le site, et [&hellip;]<\/p>\n","protected":false},"author":1,"featured_media":33321,"parent":0,"menu_order":0,"comment_status":"closed","ping_status":"closed","template":"elementor_header_footer","meta":{"footnotes":""},"class_list":["post-33836","page","type-page","status-publish","has-post-thumbnail","hentry"],"yoast_head":"<!-- This site is optimized with the Yoast SEO plugin v27.0 - https:\/\/yoast.com\/product\/yoast-seo-wordpress\/ -->\n<title>Politique de confidentialit\u00e9 - De fil en fil<\/title>\n<meta name=\"description\" content=\"Nous collectons les donn\u00e9es personnelles que vous nous fournissez volontairement lors de votre utilisation du site, telles que votre nom et votre adresse e-mail.\" \/>\n<meta name=\"robots\" content=\"index, follow, max-snippet:-1, max-image-preview:large, max-video-preview:-1\" \/>\n<link rel=\"canonical\" href=\"https:\/\/defilenfil.com\/en\/politique-de-confidentialite\/\" \/>\n<meta property=\"og:locale\" content=\"en_GB\" \/>\n<meta property=\"og:type\" content=\"article\" \/>\n<meta property=\"og:title\" content=\"Politique de confidentialit\u00e9 - De fil en fil\" \/>\n<meta property=\"og:description\" content=\"Nous collectons les donn\u00e9es personnelles que vous nous fournissez volontairement lors de votre utilisation du site, telles que votre nom et votre adresse e-mail.\" \/>\n<meta property=\"og:url\" content=\"https:\/\/defilenfil.com\/en\/politique-de-confidentialite\/\" \/>\n<meta property=\"og:site_name\" content=\"De fil en fil\" \/>\n<meta property=\"article:publisher\" content=\"https:\/\/www.facebook.com\/defilenfilge\" \/>\n<meta property=\"article:modified_time\" content=\"2025-08-29T09:35:57+00:00\" \/>\n<meta property=\"og:image\" content=\"https:\/\/defilenfil.com\/wp-content\/uploads\/2024\/04\/Berenice-Courtin-defilenfil-1.webp\" \/>\n\t<meta property=\"og:image:width\" content=\"900\" \/>\n\t<meta property=\"og:image:height\" content=\"1200\" \/>\n\t<meta property=\"og:image:type\" content=\"image\/webp\" \/>\n<meta name=\"twitter:card\" content=\"summary_large_image\" \/>\n<meta name=\"twitter:label1\" content=\"Estimated reading time\" \/>\n\t<meta name=\"twitter:data1\" content=\"1 minute\" \/>\n<script type=\"application\/ld+json\" class=\"yoast-schema-graph\">{\"@context\":\"https:\/\/schema.org\",\"@graph\":[{\"@type\":\"WebPage\",\"@id\":\"https:\/\/defilenfil.com\/politique-de-confidentialite\/\",\"url\":\"https:\/\/defilenfil.com\/politique-de-confidentialite\/\",\"name\":\"Politique de confidentialit\u00e9 - De fil en fil\",\"isPartOf\":{\"@id\":\"https:\/\/defilenfil.com\/#website\"},\"primaryImageOfPage\":{\"@id\":\"https:\/\/defilenfil.com\/politique-de-confidentialite\/#primaryimage\"},\"image\":{\"@id\":\"https:\/\/defilenfil.com\/politique-de-confidentialite\/#primaryimage\"},\"thumbnailUrl\":\"https:\/\/defilenfil.com\/wp-content\/uploads\/2024\/04\/Berenice-Courtin-defilenfil-1.webp\",\"datePublished\":\"2024-05-15T21:45:35+00:00\",\"dateModified\":\"2025-08-29T09:35:57+00:00\",\"description\":\"Nous collectons les donn\u00e9es personnelles que vous nous fournissez volontairement lors de votre utilisation du site, telles que votre nom et votre adresse e-mail.\",\"breadcrumb\":{\"@id\":\"https:\/\/defilenfil.com\/politique-de-confidentialite\/#breadcrumb\"},\"inLanguage\":\"en-GB\",\"potentialAction\":[{\"@type\":\"ReadAction\",\"target\":[\"https:\/\/defilenfil.com\/politique-de-confidentialite\/\"]}]},{\"@type\":\"ImageObject\",\"inLanguage\":\"en-GB\",\"@id\":\"https:\/\/defilenfil.com\/politique-de-confidentialite\/#primaryimage\",\"url\":\"https:\/\/defilenfil.com\/wp-content\/uploads\/2024\/04\/Berenice-Courtin-defilenfil-1.webp\",\"contentUrl\":\"https:\/\/defilenfil.com\/wp-content\/uploads\/2024\/04\/Berenice-Courtin-defilenfil-1.webp\",\"width\":900,\"height\":1200},{\"@type\":\"BreadcrumbList\",\"@id\":\"https:\/\/defilenfil.com\/politique-de-confidentialite\/#breadcrumb\",\"itemListElement\":[{\"@type\":\"ListItem\",\"position\":1,\"name\":\"Accueil\",\"item\":\"https:\/\/defilenfil.com\/\"},{\"@type\":\"ListItem\",\"position\":2,\"name\":\"Politique de confidentialit\u00e9\"}]},{\"@type\":\"WebSite\",\"@id\":\"https:\/\/defilenfil.com\/#website\",\"url\":\"https:\/\/defilenfil.com\/\",\"name\":\"De fil en fil\",\"description\":\"Le tissage artisanal accessible \u00e0 tous\",\"publisher\":{\"@id\":\"https:\/\/defilenfil.com\/#organization\"},\"alternateName\":\"Defilenfil\",\"potentialAction\":[{\"@type\":\"SearchAction\",\"target\":{\"@type\":\"EntryPoint\",\"urlTemplate\":\"https:\/\/defilenfil.com\/?s={search_term_string}\"},\"query-input\":{\"@type\":\"PropertyValueSpecification\",\"valueRequired\":true,\"valueName\":\"search_term_string\"}}],\"inLanguage\":\"en-GB\"},{\"@type\":\"Organization\",\"@id\":\"https:\/\/defilenfil.com\/#organization\",\"name\":\"De fil en fil\",\"alternateName\":\"Defilenfil\",\"url\":\"https:\/\/defilenfil.com\/\",\"logo\":{\"@type\":\"ImageObject\",\"inLanguage\":\"en-GB\",\"@id\":\"https:\/\/defilenfil.com\/#\/schema\/logo\/image\/\",\"url\":\"https:\/\/defilenfil.com\/wp-content\/uploads\/2024\/03\/defilenfil-testlogo-B-epais.svg\",\"contentUrl\":\"https:\/\/defilenfil.com\/wp-content\/uploads\/2024\/03\/defilenfil-testlogo-B-epais.svg\",\"width\":400,\"height\":400,\"caption\":\"De fil en fil\"},\"image\":{\"@id\":\"https:\/\/defilenfil.com\/#\/schema\/logo\/image\/\"},\"sameAs\":[\"https:\/\/www.facebook.com\/defilenfilge\",\"https:\/\/www.instagram.com\/defilenfilge\/\"]}]}<\/script>\n<!-- \/ Yoast SEO plugin. -->","yoast_head_json":{"title":"Politique de confidentialit\u00e9 - De fil en fil","description":"Nous collectons les donn\u00e9es personnelles que vous nous fournissez volontairement lors de votre utilisation du site, telles que votre nom et votre adresse e-mail.","robots":{"index":"index","follow":"follow","max-snippet":"max-snippet:-1","max-image-preview":"max-image-preview:large","max-video-preview":"max-video-preview:-1"},"canonical":"https:\/\/defilenfil.com\/en\/politique-de-confidentialite\/","og_locale":"en_GB","og_type":"article","og_title":"Politique de confidentialit\u00e9 - De fil en fil","og_description":"Nous collectons les donn\u00e9es personnelles que vous nous fournissez volontairement lors de votre utilisation du site, telles que votre nom et votre adresse e-mail.","og_url":"https:\/\/defilenfil.com\/en\/politique-de-confidentialite\/","og_site_name":"De fil en fil","article_publisher":"https:\/\/www.facebook.com\/defilenfilge","article_modified_time":"2025-08-29T09:35:57+00:00","og_image":[{"width":900,"height":1200,"url":"https:\/\/defilenfil.com\/wp-content\/uploads\/2024\/04\/Berenice-Courtin-defilenfil-1.webp","type":"image\/webp"}],"twitter_card":"summary_large_image","twitter_misc":{"Estimated reading time":"1 minute"},"schema":{"@context":"https:\/\/schema.org","@graph":[{"@type":"WebPage","@id":"https:\/\/defilenfil.com\/politique-de-confidentialite\/","url":"https:\/\/defilenfil.com\/politique-de-confidentialite\/","name":"Politique de confidentialit\u00e9 - De fil en fil","isPartOf":{"@id":"https:\/\/defilenfil.com\/#website"},"primaryImageOfPage":{"@id":"https:\/\/defilenfil.com\/politique-de-confidentialite\/#primaryimage"},"image":{"@id":"https:\/\/defilenfil.com\/politique-de-confidentialite\/#primaryimage"},"thumbnailUrl":"https:\/\/defilenfil.com\/wp-content\/uploads\/2024\/04\/Berenice-Courtin-defilenfil-1.webp","datePublished":"2024-05-15T21:45:35+00:00","dateModified":"2025-08-29T09:35:57+00:00","description":"Nous collectons les donn\u00e9es personnelles que vous nous fournissez volontairement lors de votre utilisation du site, telles que votre nom et votre adresse e-mail.","breadcrumb":{"@id":"https:\/\/defilenfil.com\/politique-de-confidentialite\/#breadcrumb"},"inLanguage":"en-GB","potentialAction":[{"@type":"ReadAction","target":["https:\/\/defilenfil.com\/politique-de-confidentialite\/"]}]},{"@type":"ImageObject","inLanguage":"en-GB","@id":"https:\/\/defilenfil.com\/politique-de-confidentialite\/#primaryimage","url":"https:\/\/defilenfil.com\/wp-content\/uploads\/2024\/04\/Berenice-Courtin-defilenfil-1.webp","contentUrl":"https:\/\/defilenfil.com\/wp-content\/uploads\/2024\/04\/Berenice-Courtin-defilenfil-1.webp","width":900,"height":1200},{"@type":"BreadcrumbList","@id":"https:\/\/defilenfil.com\/politique-de-confidentialite\/#breadcrumb","itemListElement":[{"@type":"ListItem","position":1,"name":"Accueil","item":"https:\/\/defilenfil.com\/"},{"@type":"ListItem","position":2,"name":"Politique de confidentialit\u00e9"}]},{"@type":"WebSite","@id":"https:\/\/defilenfil.com\/#website","url":"https:\/\/defilenfil.com\/","name":"De fil en fil","description":"Artisanal weaving accessible to all","publisher":{"@id":"https:\/\/defilenfil.com\/#organization"},"alternateName":"Defilenfil","potentialAction":[{"@type":"SearchAction","target":{"@type":"EntryPoint","urlTemplate":"https:\/\/defilenfil.com\/?s={search_term_string}"},"query-input":{"@type":"PropertyValueSpecification","valueRequired":true,"valueName":"search_term_string"}}],"inLanguage":"en-GB"},{"@type":"Organization","@id":"https:\/\/defilenfil.com\/#organization","name":"De fil en fil","alternateName":"Defilenfil","url":"https:\/\/defilenfil.com\/","logo":{"@type":"ImageObject","inLanguage":"en-GB","@id":"https:\/\/defilenfil.com\/#\/schema\/logo\/image\/","url":"https:\/\/defilenfil.com\/wp-content\/uploads\/2024\/03\/defilenfil-testlogo-B-epais.svg","contentUrl":"https:\/\/defilenfil.com\/wp-content\/uploads\/2024\/03\/defilenfil-testlogo-B-epais.svg","width":400,"height":400,"caption":"De fil en fil"},"image":{"@id":"https:\/\/defilenfil.com\/#\/schema\/logo\/image\/"},"sameAs":["https:\/\/www.facebook.com\/defilenfilge","https:\/\/www.instagram.com\/defilenfilge\/"]}]}},"_links":{"self":[{"href":"https:\/\/defilenfil.com\/en\/wp-json\/wp\/v2\/pages\/33836","targetHints":{"allow":["GET"]}}],"collection":[{"href":"https:\/\/defilenfil.com\/en\/wp-json\/wp\/v2\/pages"}],"about":[{"href":"https:\/\/defilenfil.com\/en\/wp-json\/wp\/v2\/types\/page"}],"author":[{"embeddable":true,"href":"https:\/\/defilenfil.com\/en\/wp-json\/wp\/v2\/users\/1"}],"replies":[{"embeddable":true,"href":"https:\/\/defilenfil.com\/en\/wp-json\/wp\/v2\/comments?post=33836"}],"version-history":[{"count":0,"href":"https:\/\/defilenfil.com\/en\/wp-json\/wp\/v2\/pages\/33836\/revisions"}],"wp:featuredmedia":[{"embeddable":true,"href":"https:\/\/defilenfil.com\/en\/wp-json\/wp\/v2\/media\/33321"}],"wp:attachment":[{"href":"https:\/\/defilenfil.com\/en\/wp-json\/wp\/v2\/media?parent=33836"}],"curies":[{"name":"wp","href":"https:\/\/api.w.org\/{rel}","templated":true}]}}