{"id":33813,"date":"2024-05-15T23:11:33","date_gmt":"2024-05-15T21:11:33","guid":{"rendered":"https:\/\/defilenfil.com\/?page_id=33813"},"modified":"2025-08-29T11:35:49","modified_gmt":"2025-08-29T09:35:49","slug":"conditions-generales","status":"publish","type":"page","link":"https:\/\/defilenfil.com\/en\/conditions-generales\/","title":{"rendered":"General terms and conditions"},"content":{"rendered":"<div data-elementor-type=\"wp-page\" data-elementor-id=\"33813\" class=\"elementor elementor-33813\" data-elementor-post-type=\"page\">\n\t\t\t\t<div class=\"elementor-element elementor-element-0ebc926 e-flex e-con-boxed e-con e-parent\" data-id=\"0ebc926\" data-element_type=\"container\" data-e-type=\"container\" data-settings=\"{&quot;background_background&quot;:&quot;classic&quot;}\">\n\t\t\t\t\t<div class=\"e-con-inner\">\n\t\t\t\t<div class=\"elementor-element elementor-element-ee7c71c elementor-widget-mobile__width-inherit elementor-invisible elementor-widget elementor-widget-heading\" data-id=\"ee7c71c\" data-element_type=\"widget\" data-e-type=\"widget\" data-settings=\"{&quot;_animation&quot;:&quot;slideInUp&quot;}\" data-widget_type=\"heading.default\">\n\t\t\t\t\t<h1 class=\"elementor-heading-title elementor-size-default\">General terms and conditions<\/h1>\t\t\t\t<\/div>\n\t\t\t\t<div class=\"elementor-element elementor-element-7563804 elementor-invisible elementor-widget elementor-widget-heading\" data-id=\"7563804\" data-element_type=\"widget\" data-e-type=\"widget\" data-settings=\"{&quot;_animation&quot;:&quot;slideInUp&quot;}\" data-widget_type=\"heading.default\">\n\t\t\t\t\t<h2 class=\"elementor-heading-title elementor-size-default\">1. Introduction<\/h2>\t\t\t\t<\/div>\n\t\t\t\t<div class=\"elementor-element elementor-element-f391627 elementor-invisible elementor-widget elementor-widget-heading\" data-id=\"f391627\" data-element_type=\"widget\" data-e-type=\"widget\" data-settings=\"{&quot;_animation&quot;:&quot;slideInUp&quot;}\" data-widget_type=\"heading.default\">\n\t\t\t\t\t<p class=\"elementor-heading-title elementor-size-default\">Bienvenue sur le site \u00abDe Fil en FIl\u00bb. En acc\u00e9dant et en utilisant le site, vous acceptez d'\u00eatre li\u00e9 par les pr\u00e9sentes conditions g\u00e9n\u00e9rales d'utilisation (\u00abCGU\u00bb). Si vous n'acceptez pas ces CGU, veuillez ne pas utiliser le site.<\/p>\t\t\t\t<\/div>\n\t\t\t\t<div class=\"elementor-element elementor-element-5cbb595 elementor-invisible elementor-widget elementor-widget-heading\" data-id=\"5cbb595\" data-element_type=\"widget\" data-e-type=\"widget\" data-settings=\"{&quot;_animation&quot;:&quot;slideInUp&quot;}\" data-widget_type=\"heading.default\">\n\t\t\t\t\t<h2 class=\"elementor-heading-title elementor-size-default\">2. Use of the Site<\/h2>\t\t\t\t<\/div>\n\t\t\t\t<div class=\"elementor-element elementor-element-97a7333 elementor-invisible elementor-widget elementor-widget-heading\" data-id=\"97a7333\" data-element_type=\"widget\" data-e-type=\"widget\" data-settings=\"{&quot;_animation&quot;:&quot;slideInUp&quot;}\" data-widget_type=\"heading.default\">\n\t\t\t\t\t<p class=\"elementor-heading-title elementor-size-default translation-block\">2.1. You agree not to use the Site for any purpose that is unlawful or prohibited by Swiss law. <br>\n2.2. We reserve the right to suspend or terminate your access to the Site if we believe that you have breached these TOU or any applicable law.<\/p>\t\t\t\t<\/div>\n\t\t\t\t<div class=\"elementor-element elementor-element-ee7f408 elementor-invisible elementor-widget elementor-widget-heading\" data-id=\"ee7f408\" data-element_type=\"widget\" data-e-type=\"widget\" data-settings=\"{&quot;_animation&quot;:&quot;slideInUp&quot;}\" data-widget_type=\"heading.default\">\n\t\t\t\t\t<h2 class=\"elementor-heading-title elementor-size-default\">3. Intellectual property rights<\/h2>\t\t\t\t<\/div>\n\t\t\t\t<div class=\"elementor-element elementor-element-90f6083 elementor-invisible elementor-widget elementor-widget-heading\" data-id=\"90f6083\" data-element_type=\"widget\" data-e-type=\"widget\" data-settings=\"{&quot;_animation&quot;:&quot;slideInUp&quot;}\" data-widget_type=\"heading.default\">\n\t\t\t\t\t<p class=\"elementor-heading-title elementor-size-default\">3.1. The content of the Site, including but not limited to text, images, logos, videos, and any other material, is protected by Swiss intellectual property laws.\n<br>\n3.2. You may not copy, distribute, modify, or use the content of the Site without our written consent.<\/p>\t\t\t\t<\/div>\n\t\t\t\t<div class=\"elementor-element elementor-element-a91c58e elementor-invisible elementor-widget elementor-widget-heading\" data-id=\"a91c58e\" data-element_type=\"widget\" data-e-type=\"widget\" data-settings=\"{&quot;_animation&quot;:&quot;slideInUp&quot;}\" data-widget_type=\"heading.default\">\n\t\t\t\t\t<h2 class=\"elementor-heading-title elementor-size-default\">4. Limitation of liability<\/h2>\t\t\t\t<\/div>\n\t\t\t\t<div class=\"elementor-element elementor-element-68b7bf6 elementor-invisible elementor-widget elementor-widget-heading\" data-id=\"68b7bf6\" data-element_type=\"widget\" data-e-type=\"widget\" data-settings=\"{&quot;_animation&quot;:&quot;slideInUp&quot;}\" data-widget_type=\"heading.default\">\n\t\t\t\t\t<p class=\"elementor-heading-title elementor-size-default\">4.1. Nous nous effor\u00e7ons de maintenir le site \u00e0 jour et accessible, mais nous ne garantissons pas son exactitude, son exhaustivit\u00e9 ou sa disponibilit\u00e9.\n<br>\n4.2. En aucun cas, nous ne serons responsables envers vous ou tout tiers pour tout dommage d\u00e9coulant de l'utilisation ou de l'impossibilit\u00e9 d'utiliser le site.<\/p>\t\t\t\t<\/div>\n\t\t\t\t<div class=\"elementor-element elementor-element-e5731a2 elementor-invisible elementor-widget elementor-widget-heading\" data-id=\"e5731a2\" data-element_type=\"widget\" data-e-type=\"widget\" data-settings=\"{&quot;_animation&quot;:&quot;slideInUp&quot;}\" data-widget_type=\"heading.default\">\n\t\t\t\t\t<h2 class=\"elementor-heading-title elementor-size-default\">5. Modifications to the GCU<\/h2>\t\t\t\t<\/div>\n\t\t\t\t<div class=\"elementor-element elementor-element-7a3bb34 elementor-invisible elementor-widget elementor-widget-heading\" data-id=\"7a3bb34\" data-element_type=\"widget\" data-e-type=\"widget\" data-settings=\"{&quot;_animation&quot;:&quot;slideInUp&quot;}\" data-widget_type=\"heading.default\">\n\t\t\t\t\t<p class=\"elementor-heading-title elementor-size-default\">5.1. We reserve the right to modify these GCU at any time. The modifications will be effective as soon as they are published on the site.<\/p>\t\t\t\t<\/div>\n\t\t\t\t<div class=\"elementor-element elementor-element-df4a742 elementor-invisible elementor-widget elementor-widget-heading\" data-id=\"df4a742\" data-element_type=\"widget\" data-e-type=\"widget\" data-settings=\"{&quot;_animation&quot;:&quot;slideInUp&quot;}\" data-widget_type=\"heading.default\">\n\t\t\t\t\t<h2 class=\"elementor-heading-title elementor-size-default\">6. Applicable law and jurisdiction<\/h2>\t\t\t\t<\/div>\n\t\t\t\t<div class=\"elementor-element elementor-element-0b2d771 elementor-invisible elementor-widget elementor-widget-heading\" data-id=\"0b2d771\" data-element_type=\"widget\" data-e-type=\"widget\" data-settings=\"{&quot;_animation&quot;:&quot;slideInUp&quot;}\" data-widget_type=\"heading.default\">\n\t\t\t\t\t<p class=\"elementor-heading-title elementor-size-default\">6.1. These GTC shall be governed by and construed under Swiss law. Any dispute arising from these GTCU shall be subject to the exclusive jurisdiction of the Swiss courts.<\/p>\t\t\t\t<\/div>\n\t\t\t\t\t<\/div>\n\t\t\t\t<\/div>\n\t\t\t\t<\/div>","protected":false},"excerpt":{"rendered":"<p>Conditions g\u00e9n\u00e9rales 1. Introduction Bienvenue sur le site \u00abDe Fil en FIl\u00bb. En acc\u00e9dant et en utilisant le site, vous acceptez d&rsquo;\u00eatre li\u00e9 par les pr\u00e9sentes conditions g\u00e9n\u00e9rales d&rsquo;utilisation (\u00abCGU\u00bb). Si vous n&rsquo;acceptez pas ces CGU, veuillez ne pas utiliser le site. 2. Utilisation du site 2.1. Vous acceptez de ne pas utiliser le site [&hellip;]<\/p>\n","protected":false},"author":1,"featured_media":33321,"parent":0,"menu_order":0,"comment_status":"closed","ping_status":"closed","template":"elementor_header_footer","meta":{"footnotes":""},"class_list":["post-33813","page","type-page","status-publish","has-post-thumbnail","hentry"],"yoast_head":"<!-- This site is optimized with the Yoast SEO plugin v27.0 - https:\/\/yoast.com\/product\/yoast-seo-wordpress\/ -->\n<title>Conditions g\u00e9n\u00e9rales - De fil en fil<\/title>\n<meta name=\"description\" content=\"En acc\u00e9dant et en utilisant le site, vous acceptez d&#039;\u00eatre li\u00e9 par les pr\u00e9sentes Conditions G\u00e9n\u00e9rales d&#039;Utilisation (&quot;CGU&quot;). Si vous n&#039;acceptez pas ces CGU, veuillez ne pas utiliser le Site.\" \/>\n<meta name=\"robots\" content=\"index, follow, max-snippet:-1, max-image-preview:large, max-video-preview:-1\" \/>\n<link rel=\"canonical\" href=\"https:\/\/defilenfil.com\/en\/conditions-generales\/\" \/>\n<meta property=\"og:locale\" content=\"en_GB\" \/>\n<meta property=\"og:type\" content=\"article\" \/>\n<meta property=\"og:title\" content=\"Conditions g\u00e9n\u00e9rales - De fil en fil\" \/>\n<meta property=\"og:description\" content=\"En acc\u00e9dant et en utilisant le site, vous acceptez d&#039;\u00eatre li\u00e9 par les pr\u00e9sentes Conditions G\u00e9n\u00e9rales d&#039;Utilisation (&quot;CGU&quot;). Si vous n&#039;acceptez pas ces CGU, veuillez ne pas utiliser le Site.\" \/>\n<meta property=\"og:url\" content=\"https:\/\/defilenfil.com\/en\/conditions-generales\/\" \/>\n<meta property=\"og:site_name\" content=\"De fil en fil\" \/>\n<meta property=\"article:publisher\" content=\"https:\/\/www.facebook.com\/defilenfilge\" \/>\n<meta property=\"article:modified_time\" content=\"2025-08-29T09:35:49+00:00\" \/>\n<meta property=\"og:image\" content=\"https:\/\/defilenfil.com\/wp-content\/uploads\/2024\/04\/Berenice-Courtin-defilenfil-1.webp\" \/>\n\t<meta property=\"og:image:width\" content=\"900\" \/>\n\t<meta property=\"og:image:height\" content=\"1200\" \/>\n\t<meta property=\"og:image:type\" content=\"image\/webp\" \/>\n<meta name=\"twitter:card\" content=\"summary_large_image\" \/>\n<meta name=\"twitter:label1\" content=\"Estimated reading time\" \/>\n\t<meta name=\"twitter:data1\" content=\"2 minutes\" \/>\n<script type=\"application\/ld+json\" class=\"yoast-schema-graph\">{\"@context\":\"https:\/\/schema.org\",\"@graph\":[{\"@type\":\"WebPage\",\"@id\":\"https:\/\/defilenfil.com\/conditions-generales\/\",\"url\":\"https:\/\/defilenfil.com\/conditions-generales\/\",\"name\":\"Conditions g\u00e9n\u00e9rales - De fil en fil\",\"isPartOf\":{\"@id\":\"https:\/\/defilenfil.com\/#website\"},\"primaryImageOfPage\":{\"@id\":\"https:\/\/defilenfil.com\/conditions-generales\/#primaryimage\"},\"image\":{\"@id\":\"https:\/\/defilenfil.com\/conditions-generales\/#primaryimage\"},\"thumbnailUrl\":\"https:\/\/defilenfil.com\/wp-content\/uploads\/2024\/04\/Berenice-Courtin-defilenfil-1.webp\",\"datePublished\":\"2024-05-15T21:11:33+00:00\",\"dateModified\":\"2025-08-29T09:35:49+00:00\",\"description\":\"En acc\u00e9dant et en utilisant le site, vous acceptez d'\u00eatre li\u00e9 par les pr\u00e9sentes Conditions G\u00e9n\u00e9rales d'Utilisation (\\\"CGU\\\"). Si vous n'acceptez pas ces CGU, veuillez ne pas utiliser le Site.\",\"breadcrumb\":{\"@id\":\"https:\/\/defilenfil.com\/conditions-generales\/#breadcrumb\"},\"inLanguage\":\"en-GB\",\"potentialAction\":[{\"@type\":\"ReadAction\",\"target\":[\"https:\/\/defilenfil.com\/conditions-generales\/\"]}]},{\"@type\":\"ImageObject\",\"inLanguage\":\"en-GB\",\"@id\":\"https:\/\/defilenfil.com\/conditions-generales\/#primaryimage\",\"url\":\"https:\/\/defilenfil.com\/wp-content\/uploads\/2024\/04\/Berenice-Courtin-defilenfil-1.webp\",\"contentUrl\":\"https:\/\/defilenfil.com\/wp-content\/uploads\/2024\/04\/Berenice-Courtin-defilenfil-1.webp\",\"width\":900,\"height\":1200},{\"@type\":\"BreadcrumbList\",\"@id\":\"https:\/\/defilenfil.com\/conditions-generales\/#breadcrumb\",\"itemListElement\":[{\"@type\":\"ListItem\",\"position\":1,\"name\":\"Accueil\",\"item\":\"https:\/\/defilenfil.com\/\"},{\"@type\":\"ListItem\",\"position\":2,\"name\":\"Conditions g\u00e9n\u00e9rales\"}]},{\"@type\":\"WebSite\",\"@id\":\"https:\/\/defilenfil.com\/#website\",\"url\":\"https:\/\/defilenfil.com\/\",\"name\":\"De fil en fil\",\"description\":\"Le tissage artisanal accessible \u00e0 tous\",\"publisher\":{\"@id\":\"https:\/\/defilenfil.com\/#organization\"},\"alternateName\":\"Defilenfil\",\"potentialAction\":[{\"@type\":\"SearchAction\",\"target\":{\"@type\":\"EntryPoint\",\"urlTemplate\":\"https:\/\/defilenfil.com\/?s={search_term_string}\"},\"query-input\":{\"@type\":\"PropertyValueSpecification\",\"valueRequired\":true,\"valueName\":\"search_term_string\"}}],\"inLanguage\":\"en-GB\"},{\"@type\":\"Organization\",\"@id\":\"https:\/\/defilenfil.com\/#organization\",\"name\":\"De fil en fil\",\"alternateName\":\"Defilenfil\",\"url\":\"https:\/\/defilenfil.com\/\",\"logo\":{\"@type\":\"ImageObject\",\"inLanguage\":\"en-GB\",\"@id\":\"https:\/\/defilenfil.com\/#\/schema\/logo\/image\/\",\"url\":\"https:\/\/defilenfil.com\/wp-content\/uploads\/2024\/03\/defilenfil-testlogo-B-epais.svg\",\"contentUrl\":\"https:\/\/defilenfil.com\/wp-content\/uploads\/2024\/03\/defilenfil-testlogo-B-epais.svg\",\"width\":400,\"height\":400,\"caption\":\"De fil en fil\"},\"image\":{\"@id\":\"https:\/\/defilenfil.com\/#\/schema\/logo\/image\/\"},\"sameAs\":[\"https:\/\/www.facebook.com\/defilenfilge\",\"https:\/\/www.instagram.com\/defilenfilge\/\"]}]}<\/script>\n<!-- \/ Yoast SEO plugin. -->","yoast_head_json":{"title":"Conditions g\u00e9n\u00e9rales - De fil en fil","description":"En acc\u00e9dant et en utilisant le site, vous acceptez d'\u00eatre li\u00e9 par les pr\u00e9sentes Conditions G\u00e9n\u00e9rales d'Utilisation (\"CGU\"). Si vous n'acceptez pas ces CGU, veuillez ne pas utiliser le Site.","robots":{"index":"index","follow":"follow","max-snippet":"max-snippet:-1","max-image-preview":"max-image-preview:large","max-video-preview":"max-video-preview:-1"},"canonical":"https:\/\/defilenfil.com\/en\/conditions-generales\/","og_locale":"en_GB","og_type":"article","og_title":"Conditions g\u00e9n\u00e9rales - De fil en fil","og_description":"En acc\u00e9dant et en utilisant le site, vous acceptez d'\u00eatre li\u00e9 par les pr\u00e9sentes Conditions G\u00e9n\u00e9rales d'Utilisation (\"CGU\"). Si vous n'acceptez pas ces CGU, veuillez ne pas utiliser le Site.","og_url":"https:\/\/defilenfil.com\/en\/conditions-generales\/","og_site_name":"De fil en fil","article_publisher":"https:\/\/www.facebook.com\/defilenfilge","article_modified_time":"2025-08-29T09:35:49+00:00","og_image":[{"width":900,"height":1200,"url":"https:\/\/defilenfil.com\/wp-content\/uploads\/2024\/04\/Berenice-Courtin-defilenfil-1.webp","type":"image\/webp"}],"twitter_card":"summary_large_image","twitter_misc":{"Estimated reading time":"2 minutes"},"schema":{"@context":"https:\/\/schema.org","@graph":[{"@type":"WebPage","@id":"https:\/\/defilenfil.com\/conditions-generales\/","url":"https:\/\/defilenfil.com\/conditions-generales\/","name":"Conditions g\u00e9n\u00e9rales - De fil en fil","isPartOf":{"@id":"https:\/\/defilenfil.com\/#website"},"primaryImageOfPage":{"@id":"https:\/\/defilenfil.com\/conditions-generales\/#primaryimage"},"image":{"@id":"https:\/\/defilenfil.com\/conditions-generales\/#primaryimage"},"thumbnailUrl":"https:\/\/defilenfil.com\/wp-content\/uploads\/2024\/04\/Berenice-Courtin-defilenfil-1.webp","datePublished":"2024-05-15T21:11:33+00:00","dateModified":"2025-08-29T09:35:49+00:00","description":"En acc\u00e9dant et en utilisant le site, vous acceptez d'\u00eatre li\u00e9 par les pr\u00e9sentes Conditions G\u00e9n\u00e9rales d'Utilisation (\"CGU\"). Si vous n'acceptez pas ces CGU, veuillez ne pas utiliser le Site.","breadcrumb":{"@id":"https:\/\/defilenfil.com\/conditions-generales\/#breadcrumb"},"inLanguage":"en-GB","potentialAction":[{"@type":"ReadAction","target":["https:\/\/defilenfil.com\/conditions-generales\/"]}]},{"@type":"ImageObject","inLanguage":"en-GB","@id":"https:\/\/defilenfil.com\/conditions-generales\/#primaryimage","url":"https:\/\/defilenfil.com\/wp-content\/uploads\/2024\/04\/Berenice-Courtin-defilenfil-1.webp","contentUrl":"https:\/\/defilenfil.com\/wp-content\/uploads\/2024\/04\/Berenice-Courtin-defilenfil-1.webp","width":900,"height":1200},{"@type":"BreadcrumbList","@id":"https:\/\/defilenfil.com\/conditions-generales\/#breadcrumb","itemListElement":[{"@type":"ListItem","position":1,"name":"Accueil","item":"https:\/\/defilenfil.com\/"},{"@type":"ListItem","position":2,"name":"Conditions g\u00e9n\u00e9rales"}]},{"@type":"WebSite","@id":"https:\/\/defilenfil.com\/#website","url":"https:\/\/defilenfil.com\/","name":"De fil en fil","description":"Artisanal weaving accessible to all","publisher":{"@id":"https:\/\/defilenfil.com\/#organization"},"alternateName":"Defilenfil","potentialAction":[{"@type":"SearchAction","target":{"@type":"EntryPoint","urlTemplate":"https:\/\/defilenfil.com\/?s={search_term_string}"},"query-input":{"@type":"PropertyValueSpecification","valueRequired":true,"valueName":"search_term_string"}}],"inLanguage":"en-GB"},{"@type":"Organization","@id":"https:\/\/defilenfil.com\/#organization","name":"De fil en fil","alternateName":"Defilenfil","url":"https:\/\/defilenfil.com\/","logo":{"@type":"ImageObject","inLanguage":"en-GB","@id":"https:\/\/defilenfil.com\/#\/schema\/logo\/image\/","url":"https:\/\/defilenfil.com\/wp-content\/uploads\/2024\/03\/defilenfil-testlogo-B-epais.svg","contentUrl":"https:\/\/defilenfil.com\/wp-content\/uploads\/2024\/03\/defilenfil-testlogo-B-epais.svg","width":400,"height":400,"caption":"De fil en fil"},"image":{"@id":"https:\/\/defilenfil.com\/#\/schema\/logo\/image\/"},"sameAs":["https:\/\/www.facebook.com\/defilenfilge","https:\/\/www.instagram.com\/defilenfilge\/"]}]}},"_links":{"self":[{"href":"https:\/\/defilenfil.com\/en\/wp-json\/wp\/v2\/pages\/33813","targetHints":{"allow":["GET"]}}],"collection":[{"href":"https:\/\/defilenfil.com\/en\/wp-json\/wp\/v2\/pages"}],"about":[{"href":"https:\/\/defilenfil.com\/en\/wp-json\/wp\/v2\/types\/page"}],"author":[{"embeddable":true,"href":"https:\/\/defilenfil.com\/en\/wp-json\/wp\/v2\/users\/1"}],"replies":[{"embeddable":true,"href":"https:\/\/defilenfil.com\/en\/wp-json\/wp\/v2\/comments?post=33813"}],"version-history":[{"count":0,"href":"https:\/\/defilenfil.com\/en\/wp-json\/wp\/v2\/pages\/33813\/revisions"}],"wp:featuredmedia":[{"embeddable":true,"href":"https:\/\/defilenfil.com\/en\/wp-json\/wp\/v2\/media\/33321"}],"wp:attachment":[{"href":"https:\/\/defilenfil.com\/en\/wp-json\/wp\/v2\/media?parent=33813"}],"curies":[{"name":"wp","href":"https:\/\/api.w.org\/{rel}","templated":true}]}}